{"id":5680,"date":"2025-05-19T15:28:29","date_gmt":"2025-05-19T13:28:29","guid":{"rendered":"https:\/\/gsairport.se\/?page_id=5680"},"modified":"2025-06-04T17:27:02","modified_gmt":"2025-06-04T15:27:02","slug":"airportshuttle","status":"publish","type":"page","link":"https:\/\/gsairport.se\/en\/airportshuttle\/","title":{"rendered":"Airport Shuttle"},"content":{"rendered":"\t\t<div data-elementor-type=\"wp-page\" data-elementor-id=\"5680\" class=\"elementor elementor-5680 elementor-5626\" data-elementor-post-type=\"page\">\n\t\t\t\t<div class=\"elementor-element elementor-element-bf38e8e e-flex e-con-boxed e-con e-parent\" data-id=\"bf38e8e\" data-element_type=\"container\" data-e-type=\"container\">\n\t\t\t\t\t<div class=\"e-con-inner\">\n\t\t\t\t<div class=\"elementor-element elementor-element-a77160a elementor-align-left elementor-widget elementor-widget-breadcrumbs\" data-id=\"a77160a\" data-element_type=\"widget\" data-e-type=\"widget\" data-widget_type=\"breadcrumbs.default\">\n\t\t\t\t<div class=\"elementor-widget-container\">\n\t\t\t\t\t<p id=\"breadcrumbs\"><span><span><a href=\"https:\/\/gsairport.se\/\">Hem<\/a><\/span><\/span><\/p>\t\t\t\t<\/div>\n\t\t\t\t<\/div>\n\t\t\t\t\t<\/div>\n\t\t\t\t<\/div>\n\t\t<div class=\"elementor-element elementor-element-1740c35 e-flex e-con-boxed e-con e-parent\" data-id=\"1740c35\" data-element_type=\"container\" data-e-type=\"container\">\n\t\t\t\t\t<div class=\"e-con-inner\">\n\t\t\t\t<div class=\"elementor-element elementor-element-dcfe33b uline_90px_20px centered elementor-widget elementor-widget-heading\" data-id=\"dcfe33b\" data-element_type=\"widget\" data-e-type=\"widget\" data-widget_type=\"heading.default\">\n\t\t\t\t<div class=\"elementor-widget-container\">\n\t\t\t\t\t<h1 class=\"elementor-heading-title elementor-size-default\">Airport Shuttle<\/h1>\t\t\t\t<\/div>\n\t\t\t\t<\/div>\n\t\t\t\t\t<\/div>\n\t\t\t\t<\/div>\n\t\t<div class=\"elementor-element elementor-element-6d8264f animated-slow e-flex e-con-boxed elementor-invisible e-con e-parent\" data-id=\"6d8264f\" data-element_type=\"container\" data-e-type=\"container\" data-settings=\"{&quot;background_background&quot;:&quot;classic&quot;,&quot;animation&quot;:&quot;fadeInUp&quot;}\">\n\t\t\t\t\t<div class=\"e-con-inner\">\n\t\t<div class=\"elementor-element elementor-element-59282ff e-flex e-con-boxed e-con e-child\" data-id=\"59282ff\" data-element_type=\"container\" data-e-type=\"container\">\n\t\t\t\t\t<div class=\"e-con-inner\">\n\t\t\t\t<div class=\"elementor-element elementor-element-dc11cbd elementor-widget elementor-widget-image\" data-id=\"dc11cbd\" data-element_type=\"widget\" data-e-type=\"widget\" data-widget_type=\"image.default\">\n\t\t\t\t<div class=\"elementor-widget-container\">\n\t\t\t\t\t\t\t\t\t\t\t\t\t\t\t<img fetchpriority=\"high\" decoding=\"async\" width=\"1826\" height=\"834\" src=\"https:\/\/gsairport.se\/wp-content\/uploads\/2025\/06\/ChatGPT-Image-30-maj-2025-23_36_29_6-1.jpg\" class=\"attachment-full size-full wp-image-5816\" alt=\"\" srcset=\"https:\/\/gsairport.se\/wp-content\/uploads\/2025\/06\/ChatGPT-Image-30-maj-2025-23_36_29_6-1.jpg 1826w, https:\/\/gsairport.se\/wp-content\/uploads\/2025\/06\/ChatGPT-Image-30-maj-2025-23_36_29_6-1-300x137.jpg 300w, https:\/\/gsairport.se\/wp-content\/uploads\/2025\/06\/ChatGPT-Image-30-maj-2025-23_36_29_6-1-1024x468.jpg 1024w, https:\/\/gsairport.se\/wp-content\/uploads\/2025\/06\/ChatGPT-Image-30-maj-2025-23_36_29_6-1-768x351.jpg 768w, https:\/\/gsairport.se\/wp-content\/uploads\/2025\/06\/ChatGPT-Image-30-maj-2025-23_36_29_6-1-1536x702.jpg 1536w\" sizes=\"(max-width: 1826px) 100vw, 1826px\" \/>\t\t\t\t\t\t\t\t\t\t\t\t\t\t\t<\/div>\n\t\t\t\t<\/div>\n\t\t<div class=\"elementor-element elementor-element-baa7c03 e-flex e-con-boxed elementor-invisible e-con e-child\" data-id=\"baa7c03\" data-element_type=\"container\" data-e-type=\"container\" data-settings=\"{&quot;animation&quot;:&quot;fadeInUp&quot;}\">\n\t\t\t\t\t<div class=\"e-con-inner\">\n\t\t<div class=\"elementor-element elementor-element-7c48337 e-con-full e-flex e-con e-child\" data-id=\"7c48337\" data-element_type=\"container\" data-e-type=\"container\">\n\t\t\t\t<div class=\"elementor-element elementor-element-0fd8979 uline_90px_20px  elementor-widget elementor-widget-heading\" data-id=\"0fd8979\" data-element_type=\"widget\" data-e-type=\"widget\" data-widget_type=\"heading.default\">\n\t\t\t\t<div class=\"elementor-widget-container\">\n\t\t\t\t\t<h2 class=\"elementor-heading-title elementor-size-default\">Travel easily to &amp; from G\u00f6teborg Stallbacka Airport with Airport Shuttle!<\/h2>\t\t\t\t<\/div>\n\t\t\t\t<\/div>\n\t\t\t\t<div class=\"elementor-element elementor-element-275ea4a elementor-widget__width-initial elementor-widget elementor-widget-heading\" data-id=\"275ea4a\" data-element_type=\"widget\" data-e-type=\"widget\" data-widget_type=\"heading.default\">\n\t\t\t\t<div class=\"elementor-widget-container\">\n\t\t\t\t\t<p class=\"elementor-heading-title elementor-size-default\">One-way or round-trip. With the Airport Shuttle transfer service, you travel easily and comfortably between G\u00f6teborg Stallbacka Airport and Trollh\u00e4ttan Resecentrum, Innovatum District, and Stallbacka Industrial Area.<\/p>\t\t\t\t<\/div>\n\t\t\t\t<\/div>\n\t\t\t\t<div class=\"elementor-element elementor-element-e4643ef elementor-widget__width-initial elementor-widget elementor-widget-heading\" data-id=\"e4643ef\" data-element_type=\"widget\" data-e-type=\"widget\" data-widget_type=\"heading.default\">\n\t\t\t\t<div class=\"elementor-widget-container\">\n\t\t\t\t\t<p class=\"elementor-heading-title elementor-size-default\">At Trollh\u00e4ttan Resecentrum you can quickly and easily change between the Airport Shuttle and both arriving\/departing trains and buses. <br><br>Between Trollh\u00e4ttan Resecentrum and Gothenburg Central Station there are several trains per hour operated by V\u00e4sttrafik, SJ and Vy - with a journey time from just 28 minutes.<\/p>\t\t\t\t<\/div>\n\t\t\t\t<\/div>\n\t\t\t\t<\/div>\n\t\t<div class=\"elementor-element elementor-element-cc98a41 e-con-full e-flex e-con e-child\" data-id=\"cc98a41\" data-element_type=\"container\" data-e-type=\"container\">\n\t\t\t\t<div class=\"elementor-element elementor-element-c9f5b89 uline_90px_20px  elementor-widget elementor-widget-heading\" data-id=\"c9f5b89\" data-element_type=\"widget\" data-e-type=\"widget\" data-widget_type=\"heading.default\">\n\t\t\t\t<div class=\"elementor-widget-container\">\n\t\t\t\t\t<h2 class=\"elementor-heading-title elementor-size-default\">Timetable &amp; Booking:<\/h2>\t\t\t\t<\/div>\n\t\t\t\t<\/div>\n\t\t\t\t<div class=\"elementor-element elementor-element-97c9f17 elementor-widget__width-initial elementor-widget elementor-widget-heading\" data-id=\"97c9f17\" data-element_type=\"widget\" data-e-type=\"widget\" data-widget_type=\"heading.default\">\n\t\t\t\t<div class=\"elementor-widget-container\">\n\t\t\t\t\t<p class=\"elementor-heading-title elementor-size-default\">The Airport Shuttle operates in connection with departures and arrivals at G\u00f6teborg Stallbacka Airport and must be booked in advance. <br><br>Make sure to book your ticket for the transfer bus no later than 13:00 on the last working day before your flight (weekdays only, excluding public holidays). Remember to book your trip as soon as possible due to a limited number of seats on the bus.<br><br>This service is specifically designed for air travelers, so a confirmed flight ticket is required to reserve your seat on the transfer bus.<br><br>See the current train schedule to\/from Trollh\u00e4ttan Resecentrum at <a href=\"https:\/\/vasttrafik.se\" target=\"_blank\" rel=\"noopener noreferrer nofollow\"><b><u>vasttrafik.se<\/u><\/b><\/a>\n<br><br><\/p>\t\t\t\t<\/div>\n\t\t\t\t<\/div>\n\t\t\t\t<div class=\"elementor-element elementor-element-4609376 elementor-widget elementor-widget-button\" data-id=\"4609376\" data-element_type=\"widget\" data-e-type=\"widget\" data-widget_type=\"button.default\">\n\t\t\t\t<div class=\"elementor-widget-container\">\n\t\t\t\t\t\t\t\t\t<div class=\"elementor-button-wrapper\">\n\t\t\t\t\t<a class=\"elementor-button elementor-button-link elementor-size-sm\" href=\"https:\/\/towni.se\/pages\/goteborg-stallbacka-airport\/airport-shuttle?lang=en\" target=\"_blank\" rel=\"noopener noreferrer nofollow\">\n\t\t\t\t\t\t<span class=\"elementor-button-content-wrapper\">\n\t\t\t\t\t\t\t\t\t<span class=\"elementor-button-text\">Read more and book here<\/span>\n\t\t\t\t\t<\/span>\n\t\t\t\t\t<\/a>\n\t\t\t\t<\/div>\n\t\t\t\t\t\t\t\t<\/div>\n\t\t\t\t<\/div>\n\t\t\t\t<\/div>\n\t\t\t\t\t<\/div>\n\t\t\t\t<\/div>\n\t\t\t\t\t<\/div>\n\t\t\t\t<\/div>\n\t\t\t\t\t<\/div>\n\t\t\t\t<\/div>\n\t\t\t\t<\/div>\n\t\t","protected":false},"excerpt":{"rendered":"<p>Airport Shuttle Travel easily to &amp; from G\u00f6teborg Stallbacka Airport with Airport Shuttle! One-way or round-trip. With the Airport Shuttle transfer service, you travel easily and comfortably between G\u00f6teborg Stallbacka Airport and Trollh\u00e4ttan Resecentrum, Innovatum District, and Stallbacka Industrial Area. At Trollh\u00e4ttan Resecentrum you can quickly and easily change between the Airport Shuttle and both [&hellip;]<\/p>\n","protected":false},"author":9,"featured_media":0,"parent":0,"menu_order":0,"comment_status":"closed","ping_status":"closed","template":"elementor_header_footer","meta":{"_acf_changed":false,"footnotes":""},"class_list":["post-5680","page","type-page","status-publish","hentry"],"acf":[],"yoast_head":"<!-- This site is optimized with the Yoast SEO plugin v27.4 - https:\/\/yoast.com\/product\/yoast-seo-wordpress\/ -->\n<title>Airport Shuttle - G\u00f6teborg Stallbacka Airport<\/title>\n<meta name=\"robots\" content=\"index, follow, max-snippet:-1, max-image-preview:large, max-video-preview:-1\" \/>\n<link rel=\"canonical\" href=\"https:\/\/gsairport.se\/en\/airportshuttle\/\" \/>\n<meta property=\"og:locale\" content=\"en_US\" \/>\n<meta property=\"og:type\" content=\"article\" \/>\n<meta property=\"og:title\" content=\"Airport Shuttle - G\u00f6teborg Stallbacka Airport\" \/>\n<meta property=\"og:description\" content=\"Airport Shuttle Travel easily to &amp; from G\u00f6teborg Stallbacka Airport with Airport Shuttle! One-way or round-trip. With the Airport Shuttle transfer service, you travel easily and comfortably between G\u00f6teborg Stallbacka Airport and Trollh\u00e4ttan Resecentrum, Innovatum District, and Stallbacka Industrial Area. At Trollh\u00e4ttan Resecentrum you can quickly and easily change between the Airport Shuttle and both [&hellip;]\" \/>\n<meta property=\"og:url\" content=\"https:\/\/gsairport.se\/en\/airportshuttle\/\" \/>\n<meta property=\"og:site_name\" content=\"G\u00f6teborg Stallbacka Airport\" \/>\n<meta property=\"article:modified_time\" content=\"2025-06-04T15:27:02+00:00\" \/>\n<meta property=\"og:image\" content=\"https:\/\/gsairport.se\/wp-content\/uploads\/2025\/06\/ChatGPT-Image-30-maj-2025-23_36_29_6-1.jpg\" \/>\n\t<meta property=\"og:image:width\" content=\"1826\" \/>\n\t<meta property=\"og:image:height\" content=\"834\" \/>\n\t<meta property=\"og:image:type\" content=\"image\/jpeg\" \/>\n<meta name=\"twitter:card\" content=\"summary_large_image\" \/>\n<meta name=\"twitter:label1\" content=\"Est. reading time\" \/>\n\t<meta name=\"twitter:data1\" content=\"2 minutes\" \/>\n<script type=\"application\/ld+json\" class=\"yoast-schema-graph\">{\"@context\":\"https:\\\/\\\/schema.org\",\"@graph\":[{\"@type\":\"WebPage\",\"@id\":\"https:\\\/\\\/gsairport.se\\\/en\\\/airportshuttle\\\/\",\"url\":\"https:\\\/\\\/gsairport.se\\\/en\\\/airportshuttle\\\/\",\"name\":\"Airport Shuttle - G\u00f6teborg Stallbacka Airport\",\"isPartOf\":{\"@id\":\"https:\\\/\\\/gsairport.se\\\/#website\"},\"primaryImageOfPage\":{\"@id\":\"https:\\\/\\\/gsairport.se\\\/en\\\/airportshuttle\\\/#primaryimage\"},\"image\":{\"@id\":\"https:\\\/\\\/gsairport.se\\\/en\\\/airportshuttle\\\/#primaryimage\"},\"thumbnailUrl\":\"https:\\\/\\\/gsairport.se\\\/wp-content\\\/uploads\\\/2025\\\/06\\\/ChatGPT-Image-30-maj-2025-23_36_29_6-1.jpg\",\"datePublished\":\"2025-05-19T13:28:29+00:00\",\"dateModified\":\"2025-06-04T15:27:02+00:00\",\"breadcrumb\":{\"@id\":\"https:\\\/\\\/gsairport.se\\\/en\\\/airportshuttle\\\/#breadcrumb\"},\"inLanguage\":\"en-US\",\"potentialAction\":[{\"@type\":\"ReadAction\",\"target\":[\"https:\\\/\\\/gsairport.se\\\/en\\\/airportshuttle\\\/\"]}]},{\"@type\":\"ImageObject\",\"inLanguage\":\"en-US\",\"@id\":\"https:\\\/\\\/gsairport.se\\\/en\\\/airportshuttle\\\/#primaryimage\",\"url\":\"https:\\\/\\\/gsairport.se\\\/wp-content\\\/uploads\\\/2025\\\/06\\\/ChatGPT-Image-30-maj-2025-23_36_29_6-1.jpg\",\"contentUrl\":\"https:\\\/\\\/gsairport.se\\\/wp-content\\\/uploads\\\/2025\\\/06\\\/ChatGPT-Image-30-maj-2025-23_36_29_6-1.jpg\"},{\"@type\":\"BreadcrumbList\",\"@id\":\"https:\\\/\\\/gsairport.se\\\/en\\\/airportshuttle\\\/#breadcrumb\",\"itemListElement\":[{\"@type\":\"ListItem\",\"position\":1,\"name\":\"Hem\",\"item\":\"https:\\\/\\\/gsairport.se\\\/\"},{\"@type\":\"ListItem\",\"position\":2,\"name\":\"Airport Shuttle\"}]},{\"@type\":\"WebSite\",\"@id\":\"https:\\\/\\\/gsairport.se\\\/#website\",\"url\":\"https:\\\/\\\/gsairport.se\\\/\",\"name\":\"G\u00f6teborg Stallbacka Airport\",\"description\":\"\",\"publisher\":{\"@id\":\"https:\\\/\\\/gsairport.se\\\/#organization\"},\"potentialAction\":[{\"@type\":\"SearchAction\",\"target\":{\"@type\":\"EntryPoint\",\"urlTemplate\":\"https:\\\/\\\/gsairport.se\\\/?s={search_term_string}\"},\"query-input\":{\"@type\":\"PropertyValueSpecification\",\"valueRequired\":true,\"valueName\":\"search_term_string\"}}],\"inLanguage\":\"en-US\"},{\"@type\":\"Organization\",\"@id\":\"https:\\\/\\\/gsairport.se\\\/#organization\",\"name\":\"G\u00f6teborg Stallbacka Airport\",\"url\":\"https:\\\/\\\/gsairport.se\\\/\",\"logo\":{\"@type\":\"ImageObject\",\"inLanguage\":\"en-US\",\"@id\":\"https:\\\/\\\/gsairport.se\\\/#\\\/schema\\\/logo\\\/image\\\/\",\"url\":\"https:\\\/\\\/gsairport.se\\\/wp-content\\\/uploads\\\/2024\\\/11\\\/GSAirport-Logo.png\",\"contentUrl\":\"https:\\\/\\\/gsairport.se\\\/wp-content\\\/uploads\\\/2024\\\/11\\\/GSAirport-Logo.png\",\"width\":1052,\"height\":176,\"caption\":\"G\u00f6teborg Stallbacka Airport\"},\"image\":{\"@id\":\"https:\\\/\\\/gsairport.se\\\/#\\\/schema\\\/logo\\\/image\\\/\"}}]}<\/script>\n<!-- \/ Yoast SEO plugin. -->","yoast_head_json":{"title":"Airport Shuttle - G\u00f6teborg Stallbacka Airport","robots":{"index":"index","follow":"follow","max-snippet":"max-snippet:-1","max-image-preview":"max-image-preview:large","max-video-preview":"max-video-preview:-1"},"canonical":"https:\/\/gsairport.se\/en\/airportshuttle\/","og_locale":"en_US","og_type":"article","og_title":"Airport Shuttle - G\u00f6teborg Stallbacka Airport","og_description":"Airport Shuttle Travel easily to &amp; from G\u00f6teborg Stallbacka Airport with Airport Shuttle! One-way or round-trip. With the Airport Shuttle transfer service, you travel easily and comfortably between G\u00f6teborg Stallbacka Airport and Trollh\u00e4ttan Resecentrum, Innovatum District, and Stallbacka Industrial Area. At Trollh\u00e4ttan Resecentrum you can quickly and easily change between the Airport Shuttle and both [&hellip;]","og_url":"https:\/\/gsairport.se\/en\/airportshuttle\/","og_site_name":"G\u00f6teborg Stallbacka Airport","article_modified_time":"2025-06-04T15:27:02+00:00","og_image":[{"width":1826,"height":834,"url":"https:\/\/gsairport.se\/wp-content\/uploads\/2025\/06\/ChatGPT-Image-30-maj-2025-23_36_29_6-1.jpg","type":"image\/jpeg"}],"twitter_card":"summary_large_image","twitter_misc":{"Est. reading time":"2 minutes"},"schema":{"@context":"https:\/\/schema.org","@graph":[{"@type":"WebPage","@id":"https:\/\/gsairport.se\/en\/airportshuttle\/","url":"https:\/\/gsairport.se\/en\/airportshuttle\/","name":"Airport Shuttle - G\u00f6teborg Stallbacka Airport","isPartOf":{"@id":"https:\/\/gsairport.se\/#website"},"primaryImageOfPage":{"@id":"https:\/\/gsairport.se\/en\/airportshuttle\/#primaryimage"},"image":{"@id":"https:\/\/gsairport.se\/en\/airportshuttle\/#primaryimage"},"thumbnailUrl":"https:\/\/gsairport.se\/wp-content\/uploads\/2025\/06\/ChatGPT-Image-30-maj-2025-23_36_29_6-1.jpg","datePublished":"2025-05-19T13:28:29+00:00","dateModified":"2025-06-04T15:27:02+00:00","breadcrumb":{"@id":"https:\/\/gsairport.se\/en\/airportshuttle\/#breadcrumb"},"inLanguage":"en-US","potentialAction":[{"@type":"ReadAction","target":["https:\/\/gsairport.se\/en\/airportshuttle\/"]}]},{"@type":"ImageObject","inLanguage":"en-US","@id":"https:\/\/gsairport.se\/en\/airportshuttle\/#primaryimage","url":"https:\/\/gsairport.se\/wp-content\/uploads\/2025\/06\/ChatGPT-Image-30-maj-2025-23_36_29_6-1.jpg","contentUrl":"https:\/\/gsairport.se\/wp-content\/uploads\/2025\/06\/ChatGPT-Image-30-maj-2025-23_36_29_6-1.jpg"},{"@type":"BreadcrumbList","@id":"https:\/\/gsairport.se\/en\/airportshuttle\/#breadcrumb","itemListElement":[{"@type":"ListItem","position":1,"name":"Hem","item":"https:\/\/gsairport.se\/"},{"@type":"ListItem","position":2,"name":"Airport Shuttle"}]},{"@type":"WebSite","@id":"https:\/\/gsairport.se\/#website","url":"https:\/\/gsairport.se\/","name":"G\u00f6teborg Stallbacka Airport","description":"","publisher":{"@id":"https:\/\/gsairport.se\/#organization"},"potentialAction":[{"@type":"SearchAction","target":{"@type":"EntryPoint","urlTemplate":"https:\/\/gsairport.se\/?s={search_term_string}"},"query-input":{"@type":"PropertyValueSpecification","valueRequired":true,"valueName":"search_term_string"}}],"inLanguage":"en-US"},{"@type":"Organization","@id":"https:\/\/gsairport.se\/#organization","name":"G\u00f6teborg Stallbacka Airport","url":"https:\/\/gsairport.se\/","logo":{"@type":"ImageObject","inLanguage":"en-US","@id":"https:\/\/gsairport.se\/#\/schema\/logo\/image\/","url":"https:\/\/gsairport.se\/wp-content\/uploads\/2024\/11\/GSAirport-Logo.png","contentUrl":"https:\/\/gsairport.se\/wp-content\/uploads\/2024\/11\/GSAirport-Logo.png","width":1052,"height":176,"caption":"G\u00f6teborg Stallbacka Airport"},"image":{"@id":"https:\/\/gsairport.se\/#\/schema\/logo\/image\/"}}]}},"_links":{"self":[{"href":"https:\/\/gsairport.se\/en\/wp-json\/wp\/v2\/pages\/5680","targetHints":{"allow":["GET"]}}],"collection":[{"href":"https:\/\/gsairport.se\/en\/wp-json\/wp\/v2\/pages"}],"about":[{"href":"https:\/\/gsairport.se\/en\/wp-json\/wp\/v2\/types\/page"}],"author":[{"embeddable":true,"href":"https:\/\/gsairport.se\/en\/wp-json\/wp\/v2\/users\/9"}],"replies":[{"embeddable":true,"href":"https:\/\/gsairport.se\/en\/wp-json\/wp\/v2\/comments?post=5680"}],"version-history":[{"count":44,"href":"https:\/\/gsairport.se\/en\/wp-json\/wp\/v2\/pages\/5680\/revisions"}],"predecessor-version":[{"id":5901,"href":"https:\/\/gsairport.se\/en\/wp-json\/wp\/v2\/pages\/5680\/revisions\/5901"}],"wp:attachment":[{"href":"https:\/\/gsairport.se\/en\/wp-json\/wp\/v2\/media?parent=5680"}],"curies":[{"name":"wp","href":"https:\/\/api.w.org\/{rel}","templated":true}]}}